{"id":1046,"date":"2021-04-19T17:17:59","date_gmt":"2021-04-19T21:17:59","guid":{"rendered":"https:\/\/hotelverso.ca\/hotel\/"},"modified":"2026-04-13T13:44:02","modified_gmt":"2026-04-13T17:44:02","slug":"hotel","status":"publish","type":"page","link":"https:\/\/hotelverso.ca\/en\/","title":{"rendered":"Home"},"content":{"rendered":"","protected":false},"excerpt":{"rendered":"","protected":false},"author":1,"featured_media":0,"parent":0,"menu_order":17,"comment_status":"closed","ping_status":"closed","template":"","meta":{"_acf_changed":false,"inline_featured_image":false},"class_list":["post-1046","page","type-page","status-publish","hentry"],"acf":[],"yoast_head":"<!-- This site is optimized with the Yoast SEO plugin v27.4 - https:\/\/yoast.com\/product\/yoast-seo-wordpress\/ -->\n<title>Vers\u014d Hotel | Lac Memphr\u00e9magog | Magog, Estrie<\/title>\n<meta name=\"description\" content=\"Facing lake Memphremagog, Vers\u014d hotel is located in a peaceful and enchanting environment a few steps away from the urban effervescence. Book your stay on the hotel\u2019s official website.\" \/>\n<meta name=\"robots\" content=\"index, follow, max-snippet:-1, max-image-preview:large, max-video-preview:-1\" \/>\n<link rel=\"canonical\" href=\"https:\/\/hotelverso.ca\/en\/\" \/>\n<meta property=\"og:locale\" content=\"en_US\" \/>\n<meta property=\"og:type\" content=\"article\" \/>\n<meta property=\"og:title\" content=\"Vers\u014d Hotel | Lac Memphr\u00e9magog | Magog, Estrie\" \/>\n<meta property=\"og:description\" content=\"Facing lake Memphremagog, Vers\u014d hotel is located in a peaceful and enchanting environment a few steps away from the urban effervescence. Book your stay on the hotel\u2019s official website.\" \/>\n<meta property=\"og:url\" content=\"https:\/\/hotelverso.ca\/en\/\" \/>\n<meta property=\"og:site_name\" content=\"Verso Hotel\" \/>\n<meta property=\"article:modified_time\" content=\"2026-04-13T17:44:02+00:00\" \/>\n<meta name=\"twitter:card\" content=\"summary_large_image\" \/>\n<meta name=\"twitter:label1\" content=\"Est. reading time\" \/>\n\t<meta name=\"twitter:data1\" content=\"5 minutes\" \/>\n<script type=\"application\/ld+json\" class=\"yoast-schema-graph\">{\"@context\":\"https:\\\/\\\/schema.org\",\"@graph\":[{\"@type\":\"WebPage\",\"@id\":\"https:\\\/\\\/hotelverso.ca\\\/en\\\/\",\"url\":\"https:\\\/\\\/hotelverso.ca\\\/en\\\/\",\"name\":\"Vers\u014d Hotel | Lac Memphr\u00e9magog | Magog, Estrie\",\"isPartOf\":{\"@id\":\"https:\\\/\\\/hotelverso.ca\\\/en\\\/#website\"},\"datePublished\":\"2021-04-19T21:17:59+00:00\",\"dateModified\":\"2026-04-13T17:44:02+00:00\",\"description\":\"Facing lake Memphremagog, Vers\u014d hotel is located in a peaceful and enchanting environment a few steps away from the urban effervescence. Book your stay on the hotel\u2019s official website.\",\"breadcrumb\":{\"@id\":\"https:\\\/\\\/hotelverso.ca\\\/en\\\/#breadcrumb\"},\"inLanguage\":\"en-CA\",\"potentialAction\":[{\"@type\":\"ReadAction\",\"target\":[\"https:\\\/\\\/hotelverso.ca\\\/en\\\/\"]}]},{\"@type\":\"BreadcrumbList\",\"@id\":\"https:\\\/\\\/hotelverso.ca\\\/en\\\/#breadcrumb\",\"itemListElement\":[{\"@type\":\"ListItem\",\"position\":1,\"name\":\"Home\",\"item\":\"https:\\\/\\\/hotelverso.ca\\\/en\\\/\"},{\"@type\":\"ListItem\",\"position\":2,\"name\":\"Home\"}]},{\"@type\":\"WebSite\",\"@id\":\"https:\\\/\\\/hotelverso.ca\\\/en\\\/#website\",\"url\":\"https:\\\/\\\/hotelverso.ca\\\/en\\\/\",\"name\":\"Verso Hotel\",\"description\":\"A wordpress site\",\"potentialAction\":[{\"@type\":\"SearchAction\",\"target\":{\"@type\":\"EntryPoint\",\"urlTemplate\":\"https:\\\/\\\/hotelverso.ca\\\/en\\\/?s={search_term_string}\"},\"query-input\":{\"@type\":\"PropertyValueSpecification\",\"valueRequired\":true,\"valueName\":\"search_term_string\"}}],\"inLanguage\":\"en-CA\"}]}<\/script>\n<!-- \/ Yoast SEO plugin. -->","yoast_head_json":{"title":"Vers\u014d Hotel | Lac Memphr\u00e9magog | Magog, Estrie","description":"Facing lake Memphremagog, Vers\u014d hotel is located in a peaceful and enchanting environment a few steps away from the urban effervescence. Book your stay on the hotel\u2019s official website.","robots":{"index":"index","follow":"follow","max-snippet":"max-snippet:-1","max-image-preview":"max-image-preview:large","max-video-preview":"max-video-preview:-1"},"canonical":"https:\/\/hotelverso.ca\/en\/","og_locale":"en_US","og_type":"article","og_title":"Vers\u014d Hotel | Lac Memphr\u00e9magog | Magog, Estrie","og_description":"Facing lake Memphremagog, Vers\u014d hotel is located in a peaceful and enchanting environment a few steps away from the urban effervescence. Book your stay on the hotel\u2019s official website.","og_url":"https:\/\/hotelverso.ca\/en\/","og_site_name":"Verso Hotel","article_modified_time":"2026-04-13T17:44:02+00:00","twitter_card":"summary_large_image","twitter_misc":{"Est. reading time":"5 minutes"},"schema":{"@context":"https:\/\/schema.org","@graph":[{"@type":"WebPage","@id":"https:\/\/hotelverso.ca\/en\/","url":"https:\/\/hotelverso.ca\/en\/","name":"Vers\u014d Hotel | Lac Memphr\u00e9magog | Magog, Estrie","isPartOf":{"@id":"https:\/\/hotelverso.ca\/en\/#website"},"datePublished":"2021-04-19T21:17:59+00:00","dateModified":"2026-04-13T17:44:02+00:00","description":"Facing lake Memphremagog, Vers\u014d hotel is located in a peaceful and enchanting environment a few steps away from the urban effervescence. Book your stay on the hotel\u2019s official website.","breadcrumb":{"@id":"https:\/\/hotelverso.ca\/en\/#breadcrumb"},"inLanguage":"en-CA","potentialAction":[{"@type":"ReadAction","target":["https:\/\/hotelverso.ca\/en\/"]}]},{"@type":"BreadcrumbList","@id":"https:\/\/hotelverso.ca\/en\/#breadcrumb","itemListElement":[{"@type":"ListItem","position":1,"name":"Home","item":"https:\/\/hotelverso.ca\/en\/"},{"@type":"ListItem","position":2,"name":"Home"}]},{"@type":"WebSite","@id":"https:\/\/hotelverso.ca\/en\/#website","url":"https:\/\/hotelverso.ca\/en\/","name":"Verso Hotel","description":"A wordpress site","potentialAction":[{"@type":"SearchAction","target":{"@type":"EntryPoint","urlTemplate":"https:\/\/hotelverso.ca\/en\/?s={search_term_string}"},"query-input":{"@type":"PropertyValueSpecification","valueRequired":true,"valueName":"search_term_string"}}],"inLanguage":"en-CA"}]}},"_links":{"self":[{"href":"https:\/\/hotelverso.ca\/en\/wp-json\/wp\/v2\/pages\/1046","targetHints":{"allow":["GET"]}}],"collection":[{"href":"https:\/\/hotelverso.ca\/en\/wp-json\/wp\/v2\/pages"}],"about":[{"href":"https:\/\/hotelverso.ca\/en\/wp-json\/wp\/v2\/types\/page"}],"author":[{"embeddable":true,"href":"https:\/\/hotelverso.ca\/en\/wp-json\/wp\/v2\/users\/1"}],"replies":[{"embeddable":true,"href":"https:\/\/hotelverso.ca\/en\/wp-json\/wp\/v2\/comments?post=1046"}],"version-history":[{"count":0,"href":"https:\/\/hotelverso.ca\/en\/wp-json\/wp\/v2\/pages\/1046\/revisions"}],"wp:attachment":[{"href":"https:\/\/hotelverso.ca\/en\/wp-json\/wp\/v2\/media?parent=1046"}],"curies":[{"name":"wp","href":"https:\/\/api.w.org\/{rel}","templated":true}]}}